{"id":691,"date":"2018-03-28T09:48:18","date_gmt":"2018-03-28T09:48:18","guid":{"rendered":"https:\/\/www.montellabio.com\/konontakte\/informationsanfrage-biologische-erdbeeren\/"},"modified":"2018-03-28T09:50:11","modified_gmt":"2018-03-28T09:50:11","slug":"informationsanfrage-biologische-erdbeeren","status":"publish","type":"page","link":"https:\/\/www.montellabio.com\/de\/kontakte\/informationsanfrage-biologische-erdbeeren\/","title":{"rendered":"Informationsanfrage biologische Erdbeeren"},"content":{"rendered":"<p>[et_pb_section bb_built=&#8220;1&#8243; admin_label=&#8220;section&#8220; next_background_color=&#8220;#fbb040&#8243;][et_pb_row admin_label=&#8220;row&#8220; background_position=&#8220;top_left&#8220; background_repeat=&#8220;repeat&#8220; background_size=&#8220;initial&#8220;][et_pb_column type=&#8220;4_4&#8243;][et_pb_contact_form _builder_version=&#8220;3.0.51&#8243; title=&#8220;Frage nach Informationen \u00fcber Montella BIO&#8220; success_message=&#8220;Vielen Dank f\u00fcr Ihre Nachricht. Wir werden innerhal von 24h antworten. Bis bald&#8220; submit_button_text=&#8220;Frag nach Informationen&#8220; email=&#8220;amministrazione@montellabio.it&#8220; captcha=&#8220;on&#8220; use_redirect=&#8220;off&#8220; input_border_radius=&#8220;0&#8243; border_style=&#8220;solid&#8220; custom_button=&#8220;off&#8220; button_letter_spacing=&#8220;0&#8243; button_icon_placement=&#8220;right&#8220; button_letter_spacing_hover=&#8220;0&#8243; border_radii=&#8220;on|0px|0px|0px|0px&#8220;][et_pb_contact_field field_title=&#8220;Namen&#8220; field_type=&#8220;input&#8220; field_id=&#8220;Namen&#8220; required_mark=&#8220;on&#8220; fullwidth_field=&#8220;off&#8220; checkbox_checked=&#8220;off&#8220; min_length=&#8220;0&#8243; max_length=&#8220;0&#8243; allowed_symbols=&#8220;all&#8220; conditional_logic=&#8220;off&#8220; conditional_logic_relation=&#8220;off&#8220; conditional_logic_rules=&#8220;%91{%22field%22:%22email%22,%22condition%22:%22is%22,%22value%22:%22%22}%93&#8243; form_field_font_select=&#8220;default&#8220; form_field_font=&#8220;||||&#8220; use_border_color=&#8220;off&#8220; border_style=&#8220;solid&#8220; \/][et_pb_contact_field field_title=&#8220;E-mail&#8220; field_type=&#8220;email&#8220; field_id=&#8220;Email&#8220; required_mark=&#8220;on&#8220; fullwidth_field=&#8220;off&#8220; \/][et_pb_contact_field field_title=&#8220;Nachricht&#8220; field_type=&#8220;text&#8220; field_id=&#8220;Nachricht&#8220; required_mark=&#8220;on&#8220; fullwidth_field=&#8220;on&#8220; checkbox_checked=&#8220;off&#8220; min_length=&#8220;0&#8243; max_length=&#8220;0&#8243; allowed_symbols=&#8220;all&#8220; conditional_logic=&#8220;off&#8220; conditional_logic_relation=&#8220;off&#8220; conditional_logic_rules=&#8220;%91{%22field%22:%22nome%22,%22condition%22:%22is%22,%22value%22:%22%22}%93&#8243; form_field_font_select=&#8220;default&#8220; form_field_font=&#8220;||||&#8220; use_border_color=&#8220;off&#8220; border_style=&#8220;solid&#8220; \/][\/et_pb_contact_form][\/et_pb_column][\/et_pb_row][\/et_pb_section][et_pb_section bb_built=&#8220;1&#8243; fullwidth=&#8220;off&#8220; specialty=&#8220;off&#8220; _builder_version=&#8220;3.0.106&#8243; background_color=&#8220;#fbb040&#8243; global_module=&#8220;625&#8243; prev_background_color=&#8220;#ffffff&#8220;][et_pb_row global_parent=&#8220;625&#8243; background_position=&#8220;top_left&#8220; background_repeat=&#8220;repeat&#8220; background_size=&#8220;initial&#8220;][et_pb_column type=&#8220;1_4&#8243;][et_pb_text global_parent=&#8220;625&#8243; _builder_version=&#8220;3.0.71&#8243; background_layout=&#8220;light&#8220; text_orientation=&#8220;left&#8220; border_style=&#8220;solid&#8220; text_font=&#8220;PT Serif|on|on||&#8220; text_text_color=&#8220;#056839&#8243; text_font_size=&#8220;22&#8243;]<\/p>\n<p>Kontakte<\/p>\n<p>[\/et_pb_text][et_pb_divider global_parent=&#8220;625&#8243; _builder_version=&#8220;3.0.71&#8243; show_divider=&#8220;on&#8220; color=&#8220;#056839&#8243; divider_style=&#8220;dotted&#8220; divider_position=&#8220;center&#8220; hide_on_mobile=&#8220;on&#8220; disabled_on=&#8220;on|on|off&#8220; \/][et_pb_text global_parent=&#8220;625&#8243; _builder_version=&#8220;3.0.51&#8243; background_layout=&#8220;light&#8220; text_orientation=&#8220;left&#8220; border_style=&#8220;solid&#8220;]<\/p>\n<p><strong>Montella BIO<br \/>\n<\/strong>ist eine eingetragene Marke von:<br \/>\n<strong>MONTELLA BIO SOCIETA&#8216; AGRICOLA SRL<br \/>\n<\/strong>VIA GIULIA D\u2019AMORE, 11<br \/>\n81030 FRIGNANO (CE)<\/p>\n<p>[\/et_pb_text][\/et_pb_column][et_pb_column type=&#8220;1_4&#8243;][et_pb_text global_parent=&#8220;625&#8243; _builder_version=&#8220;3.0.71&#8243; background_layout=&#8220;light&#8220; text_orientation=&#8220;left&#8220; border_style=&#8220;solid&#8220; text_font=&#8220;PT Serif|on|on||&#8220; text_text_color=&#8220;#056839&#8243; text_font_size=&#8220;22&#8243;]<\/p>\n<p>Werk<\/p>\n<p>[\/et_pb_text][et_pb_divider global_parent=&#8220;625&#8243; _builder_version=&#8220;3.0.71&#8243; show_divider=&#8220;on&#8220; color=&#8220;#056839&#8243; divider_style=&#8220;dotted&#8220; divider_position=&#8220;center&#8220; hide_on_mobile=&#8220;on&#8220; disabled_on=&#8220;on|on|off&#8220; \/][et_pb_text global_parent=&#8220;625&#8243; _builder_version=&#8220;3.0.51&#8243; background_layout=&#8220;light&#8220; text_orientation=&#8220;left&#8220; border_style=&#8220;solid&#8220;]<\/p>\n<p>Via Consortile Zona ASI<strong><br \/>\n<\/strong>81030 \u2013 Teverola (CE)<br \/>\n<strong>TEL:<\/strong>\u00a0+39 081 89 11 423<br \/>\n<strong>E-MAIL<\/strong>: amministrazione@montellabio.it<\/p>\n<p>[\/et_pb_text][\/et_pb_column][et_pb_column type=&#8220;1_4&#8243;][et_pb_text global_parent=&#8220;625&#8243; _builder_version=&#8220;3.0.71&#8243; background_layout=&#8220;light&#8220; text_orientation=&#8220;left&#8220; border_style=&#8220;solid&#8220; text_font=&#8220;PT Serif|on|on||&#8220; text_text_color=&#8220;#056839&#8243; text_font_size=&#8220;22&#8243;]<\/p>\n<p>Social media<\/p>\n<p>[\/et_pb_text][et_pb_divider global_parent=&#8220;625&#8243; _builder_version=&#8220;3.0.71&#8243; show_divider=&#8220;on&#8220; color=&#8220;#056839&#8243; divider_style=&#8220;dotted&#8220; divider_position=&#8220;center&#8220; hide_on_mobile=&#8220;on&#8220; disabled_on=&#8220;on|on|off&#8220; \/][et_pb_social_media_follow global_parent=&#8220;625&#8243; _builder_version=&#8220;3.0.51&#8243; link_shape=&#8220;rounded_rectangle&#8220; url_new_window=&#8220;off&#8220; follow_button=&#8220;off&#8220; background_layout=&#8220;light&#8220; border_radii=&#8220;on|3px|3px|3px|3px&#8220;][et_pb_social_media_follow_network social_network=&#8220;facebook&#8220; skype_action=&#8220;call&#8220; bg_color=&#8220;#3b5998&#8243;] Facebook [\/et_pb_social_media_follow_network][et_pb_social_media_follow_network social_network=&#8220;linkedin&#8220; skype_action=&#8220;call&#8220; bg_color=&#8220;#007bb6&#8243;] LinkedIn [\/et_pb_social_media_follow_network][\/et_pb_social_media_follow][\/et_pb_column][et_pb_column type=&#8220;1_4&#8243;][et_pb_text global_parent=&#8220;625&#8243; _builder_version=&#8220;3.0.71&#8243; background_layout=&#8220;light&#8220; text_orientation=&#8220;left&#8220; border_style=&#8220;solid&#8220; text_font=&#8220;PT Serif|on|on||&#8220; text_text_color=&#8220;#056839&#8243; text_font_size=&#8220;22&#8243;]<\/p>\n<p>Die Bio Produkte<\/p>\n<p>[\/et_pb_text][et_pb_divider global_parent=&#8220;625&#8243; _builder_version=&#8220;3.0.71&#8243; show_divider=&#8220;on&#8220; color=&#8220;#056839&#8243; divider_style=&#8220;dotted&#8220; divider_position=&#8220;center&#8220; hide_on_mobile=&#8220;on&#8220; disabled_on=&#8220;on|on|off&#8220; \/][et_pb_text global_parent=&#8220;625&#8243; _builder_version=&#8220;3.0.71&#8243; background_layout=&#8220;light&#8220; text_orientation=&#8220;left&#8220; border_style=&#8220;solid&#8220;]<\/p>\n<p>BIO Erdbeeren<br \/>\nAnbau Fr\u00fchjahr\/Sommer BIO<br \/>\nAnbau Herbst\/Winter BIO<\/p>\n<p>[\/et_pb_text][\/et_pb_column][\/et_pb_row][\/et_pb_section]<\/p>\n","protected":false},"excerpt":{"rendered":"<p>[et_pb_section bb_built=&#8220;1&#8243; admin_label=&#8220;section&#8220; next_background_color=&#8220;#fbb040&#8243;][et_pb_row admin_label=&#8220;row&#8220; background_position=&#8220;top_left&#8220; background_repeat=&#8220;repeat&#8220; background_size=&#8220;initial&#8220;][et_pb_column type=&#8220;4_4&#8243;][et_pb_contact_form _builder_version=&#8220;3.0.51&#8243; title=&#8220;Frage nach Informationen \u00fcber Montella BIO&#8220; success_message=&#8220;Vielen Dank f\u00fcr Ihre Nachricht. Wir werden innerhal von 24h antworten. Bis bald&#8220; submit_button_text=&#8220;Frag nach Informationen&#8220; email=&#8220;amministrazione@montellabio.it&#8220; captcha=&#8220;on&#8220; use_redirect=&#8220;off&#8220; input_border_radius=&#8220;0&#8243; border_style=&#8220;solid&#8220; custom_button=&#8220;off&#8220; button_letter_spacing=&#8220;0&#8243; button_icon_placement=&#8220;right&#8220; button_letter_spacing_hover=&#8220;0&#8243; border_radii=&#8220;on|0px|0px|0px|0px&#8220;][et_pb_contact_field field_title=&#8220;Namen&#8220; field_type=&#8220;input&#8220; field_id=&#8220;Namen&#8220; required_mark=&#8220;on&#8220; fullwidth_field=&#8220;off&#8220; checkbox_checked=&#8220;off&#8220; min_length=&#8220;0&#8243; max_length=&#8220;0&#8243; allowed_symbols=&#8220;all&#8220; conditional_logic=&#8220;off&#8220; conditional_logic_relation=&#8220;off&#8220; conditional_logic_rules=&#8220;%91{%22field%22:%22email%22,%22condition%22:%22is%22,%22value%22:%22%22}%93&#8243; form_field_font_select=&#8220;default&#8220; [&hellip;]<\/p>\n","protected":false},"author":1,"featured_media":0,"parent":686,"menu_order":0,"comment_status":"closed","ping_status":"closed","template":"","meta":{"footnotes":""},"class_list":["post-691","page","type-page","status-publish","hentry"],"yoast_head":"<!-- This site is optimized with the Yoast SEO plugin v24.6 - https:\/\/yoast.com\/wordpress\/plugins\/seo\/ -->\n<title>Frag nach Informationen \u00fcber die biologischen landwirtschaftlichen Produkte von Montella BIO<\/title>\n<meta name=\"description\" content=\"Montella BIO steht immer zur Verf\u00fcgung f\u00fcr Informationen \u00fcber die biologischen Anbaumethoden mit den wir zu 100% biologisches Obst und Gem\u00fcse anbauen.\" \/>\n<meta name=\"robots\" content=\"index, follow, max-snippet:-1, max-image-preview:large, max-video-preview:-1\" \/>\n<link rel=\"canonical\" href=\"https:\/\/www.montellabio.com\/contatti\/richiesta-informazioni-fragole-bio\/\" \/>\n<meta property=\"og:locale\" content=\"de_DE\" \/>\n<meta property=\"og:type\" content=\"article\" \/>\n<meta property=\"og:title\" content=\"Frag nach Informationen \u00fcber die biologischen landwirtschaftlichen Produkte von Montella BIO\" \/>\n<meta property=\"og:description\" content=\"Montella BIO steht immer zur Verf\u00fcgung f\u00fcr Informationen \u00fcber die biologischen Anbaumethoden mit den wir zu 100% biologisches Obst und Gem\u00fcse anbauen.\" \/>\n<meta property=\"og:url\" content=\"https:\/\/www.montellabio.com\/contatti\/richiesta-informazioni-fragole-bio\/\" \/>\n<meta property=\"og:site_name\" content=\"Montella bio\" \/>\n<meta property=\"article:modified_time\" content=\"2018-03-28T09:50:11+00:00\" \/>\n<meta name=\"twitter:card\" content=\"summary_large_image\" \/>\n<meta name=\"twitter:label1\" content=\"Gesch\u00e4tzte Lesezeit\" \/>\n\t<meta name=\"twitter:data1\" content=\"4\u00a0Minuten\" \/>\n<script type=\"application\/ld+json\" class=\"yoast-schema-graph\">{\"@context\":\"https:\/\/schema.org\",\"@graph\":[{\"@type\":\"WebPage\",\"@id\":\"https:\/\/www.montellabio.com\/contatti\/richiesta-informazioni-fragole-bio\/\",\"url\":\"https:\/\/www.montellabio.com\/contatti\/richiesta-informazioni-fragole-bio\/\",\"name\":\"Frag nach Informationen \u00fcber die biologischen landwirtschaftlichen Produkte von Montella BIO\",\"isPartOf\":{\"@id\":\"https:\/\/www.montellabio.com\/#website\"},\"datePublished\":\"2018-03-28T09:48:18+00:00\",\"dateModified\":\"2018-03-28T09:50:11+00:00\",\"description\":\"Montella BIO steht immer zur Verf\u00fcgung f\u00fcr Informationen \u00fcber die biologischen Anbaumethoden mit den wir zu 100% biologisches Obst und Gem\u00fcse anbauen.\",\"breadcrumb\":{\"@id\":\"https:\/\/www.montellabio.com\/contatti\/richiesta-informazioni-fragole-bio\/#breadcrumb\"},\"inLanguage\":\"de\",\"potentialAction\":[{\"@type\":\"ReadAction\",\"target\":[\"https:\/\/www.montellabio.com\/contatti\/richiesta-informazioni-fragole-bio\/\"]}]},{\"@type\":\"BreadcrumbList\",\"@id\":\"https:\/\/www.montellabio.com\/contatti\/richiesta-informazioni-fragole-bio\/#breadcrumb\",\"itemListElement\":[{\"@type\":\"ListItem\",\"position\":1,\"name\":\"Home\",\"item\":\"https:\/\/www.montellabio.com\/de\/\"},{\"@type\":\"ListItem\",\"position\":2,\"name\":\"Kontakte\",\"item\":\"https:\/\/www.montellabio.com\/contatti\/\"},{\"@type\":\"ListItem\",\"position\":3,\"name\":\"Informationsanfrage biologische Erdbeeren\"}]},{\"@type\":\"WebSite\",\"@id\":\"https:\/\/www.montellabio.com\/#website\",\"url\":\"https:\/\/www.montellabio.com\/\",\"name\":\"Montella bio\",\"description\":\"Prodotti agricoli biologici\",\"potentialAction\":[{\"@type\":\"SearchAction\",\"target\":{\"@type\":\"EntryPoint\",\"urlTemplate\":\"https:\/\/www.montellabio.com\/?s={search_term_string}\"},\"query-input\":{\"@type\":\"PropertyValueSpecification\",\"valueRequired\":true,\"valueName\":\"search_term_string\"}}],\"inLanguage\":\"de\"}]}<\/script>\n<!-- \/ Yoast SEO plugin. -->","yoast_head_json":{"title":"Frag nach Informationen \u00fcber die biologischen landwirtschaftlichen Produkte von Montella BIO","description":"Montella BIO steht immer zur Verf\u00fcgung f\u00fcr Informationen \u00fcber die biologischen Anbaumethoden mit den wir zu 100% biologisches Obst und Gem\u00fcse anbauen.","robots":{"index":"index","follow":"follow","max-snippet":"max-snippet:-1","max-image-preview":"max-image-preview:large","max-video-preview":"max-video-preview:-1"},"canonical":"https:\/\/www.montellabio.com\/contatti\/richiesta-informazioni-fragole-bio\/","og_locale":"de_DE","og_type":"article","og_title":"Frag nach Informationen \u00fcber die biologischen landwirtschaftlichen Produkte von Montella BIO","og_description":"Montella BIO steht immer zur Verf\u00fcgung f\u00fcr Informationen \u00fcber die biologischen Anbaumethoden mit den wir zu 100% biologisches Obst und Gem\u00fcse anbauen.","og_url":"https:\/\/www.montellabio.com\/contatti\/richiesta-informazioni-fragole-bio\/","og_site_name":"Montella bio","article_modified_time":"2018-03-28T09:50:11+00:00","twitter_card":"summary_large_image","twitter_misc":{"Gesch\u00e4tzte Lesezeit":"4\u00a0Minuten"},"schema":{"@context":"https:\/\/schema.org","@graph":[{"@type":"WebPage","@id":"https:\/\/www.montellabio.com\/contatti\/richiesta-informazioni-fragole-bio\/","url":"https:\/\/www.montellabio.com\/contatti\/richiesta-informazioni-fragole-bio\/","name":"Frag nach Informationen \u00fcber die biologischen landwirtschaftlichen Produkte von Montella BIO","isPartOf":{"@id":"https:\/\/www.montellabio.com\/#website"},"datePublished":"2018-03-28T09:48:18+00:00","dateModified":"2018-03-28T09:50:11+00:00","description":"Montella BIO steht immer zur Verf\u00fcgung f\u00fcr Informationen \u00fcber die biologischen Anbaumethoden mit den wir zu 100% biologisches Obst und Gem\u00fcse anbauen.","breadcrumb":{"@id":"https:\/\/www.montellabio.com\/contatti\/richiesta-informazioni-fragole-bio\/#breadcrumb"},"inLanguage":"de","potentialAction":[{"@type":"ReadAction","target":["https:\/\/www.montellabio.com\/contatti\/richiesta-informazioni-fragole-bio\/"]}]},{"@type":"BreadcrumbList","@id":"https:\/\/www.montellabio.com\/contatti\/richiesta-informazioni-fragole-bio\/#breadcrumb","itemListElement":[{"@type":"ListItem","position":1,"name":"Home","item":"https:\/\/www.montellabio.com\/de\/"},{"@type":"ListItem","position":2,"name":"Kontakte","item":"https:\/\/www.montellabio.com\/contatti\/"},{"@type":"ListItem","position":3,"name":"Informationsanfrage biologische Erdbeeren"}]},{"@type":"WebSite","@id":"https:\/\/www.montellabio.com\/#website","url":"https:\/\/www.montellabio.com\/","name":"Montella bio","description":"Prodotti agricoli biologici","potentialAction":[{"@type":"SearchAction","target":{"@type":"EntryPoint","urlTemplate":"https:\/\/www.montellabio.com\/?s={search_term_string}"},"query-input":{"@type":"PropertyValueSpecification","valueRequired":true,"valueName":"search_term_string"}}],"inLanguage":"de"}]}},"_links":{"self":[{"href":"https:\/\/www.montellabio.com\/de\/wp-json\/wp\/v2\/pages\/691","targetHints":{"allow":["GET"]}}],"collection":[{"href":"https:\/\/www.montellabio.com\/de\/wp-json\/wp\/v2\/pages"}],"about":[{"href":"https:\/\/www.montellabio.com\/de\/wp-json\/wp\/v2\/types\/page"}],"author":[{"embeddable":true,"href":"https:\/\/www.montellabio.com\/de\/wp-json\/wp\/v2\/users\/1"}],"replies":[{"embeddable":true,"href":"https:\/\/www.montellabio.com\/de\/wp-json\/wp\/v2\/comments?post=691"}],"version-history":[{"count":7,"href":"https:\/\/www.montellabio.com\/de\/wp-json\/wp\/v2\/pages\/691\/revisions"}],"predecessor-version":[{"id":699,"href":"https:\/\/www.montellabio.com\/de\/wp-json\/wp\/v2\/pages\/691\/revisions\/699"}],"up":[{"embeddable":true,"href":"https:\/\/www.montellabio.com\/de\/wp-json\/wp\/v2\/pages\/686"}],"wp:attachment":[{"href":"https:\/\/www.montellabio.com\/de\/wp-json\/wp\/v2\/media?parent=691"}],"curies":[{"name":"wp","href":"https:\/\/api.w.org\/{rel}","templated":true}]}}