{"id":666,"date":"2018-03-28T07:41:22","date_gmt":"2018-03-28T07:41:22","guid":{"rendered":"https:\/\/www.montellabio.com\/bio-zertifizierungen\/"},"modified":"2018-03-28T07:44:47","modified_gmt":"2018-03-28T07:44:47","slug":"bio-zertifizierungen","status":"publish","type":"page","link":"https:\/\/www.montellabio.com\/de\/bio-zertifizierungen\/","title":{"rendered":"BIO Zertifizierungen"},"content":{"rendered":"<p>[et_pb_section bb_built=&#8220;1&#8243; fullwidth=&#8220;off&#8220; specialty=&#8220;off&#8220; _builder_version=&#8220;3.0.71&#8243; background_color=&#8220;#056839&#8243; next_background_color=&#8220;#aed036&#8243;][et_pb_row][et_pb_column type=&#8220;4_4&#8243;][et_pb_text _builder_version=&#8220;3.0.106&#8243; background_layout=&#8220;light&#8220; text_orientation=&#8220;center&#8220; header_font=&#8220;PT Serif|on|on||&#8220; header_text_color=&#8220;#8dc63f&#8220; border_style=&#8220;solid&#8220; text_font=&#8220;PT Serif|on|on||&#8220; text_font_size=&#8220;30&#8243; text_text_color=&#8220;#8dc63f&#8220; module_alignment=&#8220;center&#8220;]<\/p>\n<h1>Unsere BIO-Zertifikate<\/h1>\n<p>[\/et_pb_text][\/et_pb_column][\/et_pb_row][\/et_pb_section][et_pb_section bb_built=&#8220;1&#8243; fullwidth=&#8220;off&#8220; specialty=&#8220;off&#8220; _builder_version=&#8220;3.0.71&#8243; background_color=&#8220;#aed036&#8243; custom_padding=&#8220;0px||0px|&#8220; prev_background_color=&#8220;#056839&#8243; next_background_color=&#8220;#ffffff&#8220;][et_pb_row background_position=&#8220;top_left&#8220; background_repeat=&#8220;repeat&#8220; background_size=&#8220;initial&#8220;][et_pb_column type=&#8220;1_3&#8243;][et_pb_image _builder_version=&#8220;3.0.71&#8243; src=&#8220;https:\/\/www.montellabio.com\/wp-content\/uploads\/2017\/06\/EU_Organic_Logo_Colour_rgb.jpg&#8220; show_in_lightbox=&#8220;off&#8220; url_new_window=&#8220;off&#8220; use_overlay=&#8220;off&#8220; sticky=&#8220;off&#8220; align=&#8220;left&#8220; always_center_on_mobile=&#8220;on&#8220; border_style=&#8220;solid&#8220; force_fullwidth=&#8220;off&#8220; custom_margin=&#8220;50px|||&#8220; animation_style=&#8220;slide&#8220; animation_duration=&#8220;500ms&#8220; animation_intensity_slide=&#8220;10%&#8220; animation_direction=&#8220;left&#8220; show_bottom_space=&#8220;on&#8220; \/][\/et_pb_column][et_pb_column type=&#8220;2_3&#8243;][et_pb_text _builder_version=&#8220;3.0.106&#8243; background_layout=&#8220;light&#8220; text_font=&#8220;|on|||&#8220; custom_padding=&#8220;40px||40px|&#8220;]<\/p>\n<p><em>\u201cWenn Ihr bio-zertifiziertes Essen kauft, habt ihr die Sicherheit das es gem\u00e4\u00df rigorosen Normen in Bezug auf den Respekt vor der Umwelt und das Wohlergehen der Tiere produziert wurde, und dies regelm\u00e4\u00dfig kontrolliert wird.<br \/>\n<\/em><em>Landwirte, Verarbeiter, Vermarkter, Detailh\u00e4ndler und Importeure m\u00fcssen rigorose Normen der europ\u00e4ischen Union beachten, wenn sie das europ\u00e4ische BIO-Logo verwenden wollen.<br \/>\n<\/em><em>Die Akteure schicken eine Meldung an die f\u00fcr biologische Kontrollen zust\u00e4ndige Beh\u00f6rde in ihrem Mitgliedsstaat welche die Beschreibung der eigenen T\u00e4tigkeit beinhaltet; Die Akteure werden von \u00f6ffentlichen oder privaten Kontrollinstitutionen kontrolliert. Wenn das Ergebnis positiv ist, erhalten sie ein Zertifikat und k\u00f6nnen ihre Produkte als BIO verkaufen;\u201c<\/em><\/p>\n<p><strong>Quelle:<\/strong> <a href=\"https:\/\/ec.europa.eu\/agriculture\/organic\/organic-farming_it\">offizielle Homepage der europ\u00e4ischen Union<\/a><\/p>\n<p>[\/et_pb_text][\/et_pb_column][\/et_pb_row][\/et_pb_section][et_pb_section bb_built=&#8220;1&#8243; fullwidth=&#8220;off&#8220; specialty=&#8220;off&#8220; prev_background_color=&#8220;#aed036&#8243; next_background_color=&#8220;#fbb040&#8243;][et_pb_row][et_pb_column type=&#8220;2_3&#8243;][et_pb_text _builder_version=&#8220;3.0.71&#8243; background_layout=&#8220;light&#8220; text_orientation=&#8220;left&#8220; border_style=&#8220;solid&#8220;]<\/p>\n<p>Unsere Anbau- und Arbeitsprozesse haben bei rigorosen Kontrollen der Kontrollbeh\u00f6rden \u00fcberzeugt und die Lizenznehmer der Marke haben folgende Zertifizierungen erlangt:<\/p>\n<h3><span style=\"color: #006738;\"><em><strong>Orius societ\u00e0 Agricola Srl<\/strong><\/em><\/span><\/h3>\n<p>&#8211;\u00a0 BIO Konformit\u00e4tszertifikat ausgestellt von <strong>BIO AGRICERT.<\/strong><\/p>\n<p>[\/et_pb_text][et_pb_text _builder_version=&#8220;3.0.106&#8243; background_layout=&#8220;light&#8220;]<\/p>\n<h3><span style=\"color: #006738;\"><em><strong>Azienda agricola Montella Antonio<\/strong><\/em><\/span><\/h3>\n<p>&#8211; <strong>BIO Konformit\u00e4tszertifikat<\/strong> ausgestellt von <strong>BIO AGRICERT.<br \/>\n<\/strong><a href=\"http:\/\/www.trasparente-check.com:47583\/bacdt\/site\/viewcert\/66441\">Kontrolliere hier das Zertifikat welches f\u00fcr die Erdbeeren und das biologische Gem\u00fcse ausgestellt wurde.<br \/>\n<\/a><br \/>\n<strong>&#8211; BRC Certification<\/strong> (Global conformity for safety foods) ausgestellt von Bureau Veritas Certification Holding SA &#8211; England.<br \/>\n&#8211; <strong>GLOBALG.A.P<\/strong> ausgestellt von <strong>BIO AGRICERT.\u00a0<\/strong><strong><br \/>\n&#8211;\u00a0<\/strong><strong>GLOBAL G.A.P. RISK ASSESSMENT ON SOCIAL PRACTICE<\/strong> (GRASP) ausgestellt von <strong>BIO AGRICERT.<br \/>\n&#8211;\u00a0Erkl\u00e4rung GMO FREE<\/strong> und eingesetzte Pflanzenschutzmittel erteilt von <strong>PLANITALIA.\u00a0<\/strong><\/p>\n<p>[\/et_pb_text][et_pb_text _builder_version=&#8220;3.0.71&#8243; background_layout=&#8220;light&#8220; text_orientation=&#8220;left&#8220; border_style=&#8220;solid&#8220;]<\/p>\n<h3><span style=\"color: #006738;\"><em><strong>Azienda agricola Montella Michele<\/strong><\/em><\/span><\/h3>\n<p>&#8211; <strong>BIO Konformit\u00e4tszertifikat<\/strong> ausgestellt von <strong>BIO AGRICERT.<br \/>\n<\/strong><a href=\"http:\/\/www.trasparente-check.com:47583\/bacdt\/site\/viewcert\/41968\">Kontrolliere hier das Zertifikat welches f\u00fcr die Erdbeeren und das biologische Gem\u00fcse ausgestellt wurde.<\/a><\/p>\n<p>[\/et_pb_text][\/et_pb_column][et_pb_column type=&#8220;1_3&#8243;][et_pb_image _builder_version=&#8220;3.0.71&#8243; src=&#8220;https:\/\/www.montellabio.com\/wp-content\/uploads\/2017\/06\/AgriCert.png&#8220; show_in_lightbox=&#8220;off&#8220; url_new_window=&#8220;off&#8220; use_overlay=&#8220;off&#8220; sticky=&#8220;off&#8220; align=&#8220;left&#8220; always_center_on_mobile=&#8220;on&#8220; border_style=&#8220;solid&#8220; force_fullwidth=&#8220;off&#8220; animation_style=&#8220;slide&#8220; animation_duration=&#8220;500ms&#8220; animation_intensity_slide=&#8220;10%&#8220; animation_direction=&#8220;left&#8220; show_bottom_space=&#8220;on&#8220; \/][et_pb_image _builder_version=&#8220;3.0.71&#8243; src=&#8220;https:\/\/www.montellabio.com\/wp-content\/uploads\/2017\/06\/Brc_Certificate.png&#8220; show_in_lightbox=&#8220;off&#8220; url_new_window=&#8220;off&#8220; use_overlay=&#8220;off&#8220; sticky=&#8220;off&#8220; align=&#8220;left&#8220; always_center_on_mobile=&#8220;on&#8220; border_style=&#8220;solid&#8220; force_fullwidth=&#8220;off&#8220; animation_style=&#8220;slide&#8220; animation_duration=&#8220;500ms&#8220; animation_intensity_slide=&#8220;10%&#8220; animation_direction=&#8220;left&#8220; show_bottom_space=&#8220;on&#8220; \/][\/et_pb_column][\/et_pb_row][\/et_pb_section][et_pb_section bb_built=&#8220;1&#8243; fullwidth=&#8220;off&#8220; specialty=&#8220;off&#8220; _builder_version=&#8220;3.0.106&#8243; background_color=&#8220;#fbb040&#8243; global_module=&#8220;625&#8243; prev_background_color=&#8220;#ffffff&#8220;][et_pb_row global_parent=&#8220;625&#8243; background_position=&#8220;top_left&#8220; background_repeat=&#8220;repeat&#8220; background_size=&#8220;initial&#8220;][et_pb_column type=&#8220;1_4&#8243;][et_pb_text global_parent=&#8220;625&#8243; _builder_version=&#8220;3.0.71&#8243; background_layout=&#8220;light&#8220; text_orientation=&#8220;left&#8220; border_style=&#8220;solid&#8220; text_font=&#8220;PT Serif|on|on||&#8220; text_text_color=&#8220;#056839&#8243; text_font_size=&#8220;22&#8243;]<\/p>\n<p>Kontakte<\/p>\n<p>[\/et_pb_text][et_pb_divider global_parent=&#8220;625&#8243; _builder_version=&#8220;3.0.71&#8243; show_divider=&#8220;on&#8220; color=&#8220;#056839&#8243; divider_style=&#8220;dotted&#8220; divider_position=&#8220;center&#8220; hide_on_mobile=&#8220;on&#8220; disabled_on=&#8220;on|on|off&#8220; \/][et_pb_text global_parent=&#8220;625&#8243; _builder_version=&#8220;3.0.51&#8243; background_layout=&#8220;light&#8220; text_orientation=&#8220;left&#8220; border_style=&#8220;solid&#8220;]<\/p>\n<p><strong>Montella BIO<br \/>\n<\/strong>ist eine eingetragene Marke von:<br \/>\n<strong>MONTELLA BIO SOCIETA&#8216; AGRICOLA SRL<br \/>\n<\/strong>VIA GIULIA D\u2019AMORE, 11<br \/>\n81030 FRIGNANO (CE)<\/p>\n<p>[\/et_pb_text][\/et_pb_column][et_pb_column type=&#8220;1_4&#8243;][et_pb_text global_parent=&#8220;625&#8243; _builder_version=&#8220;3.0.71&#8243; background_layout=&#8220;light&#8220; text_orientation=&#8220;left&#8220; border_style=&#8220;solid&#8220; text_font=&#8220;PT Serif|on|on||&#8220; text_text_color=&#8220;#056839&#8243; text_font_size=&#8220;22&#8243;]<\/p>\n<p>Werk<\/p>\n<p>[\/et_pb_text][et_pb_divider global_parent=&#8220;625&#8243; _builder_version=&#8220;3.0.71&#8243; show_divider=&#8220;on&#8220; color=&#8220;#056839&#8243; divider_style=&#8220;dotted&#8220; divider_position=&#8220;center&#8220; hide_on_mobile=&#8220;on&#8220; disabled_on=&#8220;on|on|off&#8220; \/][et_pb_text global_parent=&#8220;625&#8243; _builder_version=&#8220;3.0.51&#8243; background_layout=&#8220;light&#8220; text_orientation=&#8220;left&#8220; border_style=&#8220;solid&#8220;]<\/p>\n<p>Via Consortile Zona ASI<strong><br \/>\n<\/strong>81030 \u2013 Teverola (CE)<br \/>\n<strong>TEL:<\/strong>\u00a0+39 081 89 11 423<br \/>\n<strong>E-MAIL<\/strong>: amministrazione@montellabio.it<\/p>\n<p>[\/et_pb_text][\/et_pb_column][et_pb_column type=&#8220;1_4&#8243;][et_pb_text global_parent=&#8220;625&#8243; _builder_version=&#8220;3.0.71&#8243; background_layout=&#8220;light&#8220; text_orientation=&#8220;left&#8220; border_style=&#8220;solid&#8220; text_font=&#8220;PT Serif|on|on||&#8220; text_text_color=&#8220;#056839&#8243; text_font_size=&#8220;22&#8243;]<\/p>\n<p>Social media<\/p>\n<p>[\/et_pb_text][et_pb_divider global_parent=&#8220;625&#8243; _builder_version=&#8220;3.0.71&#8243; show_divider=&#8220;on&#8220; color=&#8220;#056839&#8243; divider_style=&#8220;dotted&#8220; divider_position=&#8220;center&#8220; hide_on_mobile=&#8220;on&#8220; disabled_on=&#8220;on|on|off&#8220; \/][et_pb_social_media_follow global_parent=&#8220;625&#8243; _builder_version=&#8220;3.0.51&#8243; link_shape=&#8220;rounded_rectangle&#8220; url_new_window=&#8220;off&#8220; follow_button=&#8220;off&#8220; background_layout=&#8220;light&#8220; border_radii=&#8220;on|3px|3px|3px|3px&#8220;][et_pb_social_media_follow_network social_network=&#8220;facebook&#8220; skype_action=&#8220;call&#8220; bg_color=&#8220;#3b5998&#8243;] Facebook [\/et_pb_social_media_follow_network][et_pb_social_media_follow_network social_network=&#8220;linkedin&#8220; skype_action=&#8220;call&#8220; bg_color=&#8220;#007bb6&#8243;] LinkedIn [\/et_pb_social_media_follow_network][\/et_pb_social_media_follow][\/et_pb_column][et_pb_column type=&#8220;1_4&#8243;][et_pb_text global_parent=&#8220;625&#8243; _builder_version=&#8220;3.0.71&#8243; background_layout=&#8220;light&#8220; text_orientation=&#8220;left&#8220; border_style=&#8220;solid&#8220; text_font=&#8220;PT Serif|on|on||&#8220; text_text_color=&#8220;#056839&#8243; text_font_size=&#8220;22&#8243;]<\/p>\n<p>Die Bio Produkte<\/p>\n<p>[\/et_pb_text][et_pb_divider global_parent=&#8220;625&#8243; _builder_version=&#8220;3.0.71&#8243; show_divider=&#8220;on&#8220; color=&#8220;#056839&#8243; divider_style=&#8220;dotted&#8220; divider_position=&#8220;center&#8220; hide_on_mobile=&#8220;on&#8220; disabled_on=&#8220;on|on|off&#8220; \/][et_pb_text global_parent=&#8220;625&#8243; _builder_version=&#8220;3.0.71&#8243; background_layout=&#8220;light&#8220; text_orientation=&#8220;left&#8220; border_style=&#8220;solid&#8220;]<\/p>\n<p>BIO Erdbeeren<br \/>\nAnbau Fr\u00fchjahr\/Sommer BIO<br \/>\nAnbau Herbst\/Winter BIO<\/p>\n<p>[\/et_pb_text][\/et_pb_column][\/et_pb_row][\/et_pb_section]<\/p>\n","protected":false},"excerpt":{"rendered":"<p>[et_pb_section bb_built=&#8220;1&#8243; fullwidth=&#8220;off&#8220; specialty=&#8220;off&#8220; _builder_version=&#8220;3.0.71&#8243; background_color=&#8220;#056839&#8243; next_background_color=&#8220;#aed036&#8243;][et_pb_row][et_pb_column type=&#8220;4_4&#8243;][et_pb_text _builder_version=&#8220;3.0.106&#8243; background_layout=&#8220;light&#8220; text_orientation=&#8220;center&#8220; header_font=&#8220;PT Serif|on|on||&#8220; header_text_color=&#8220;#8dc63f&#8220; border_style=&#8220;solid&#8220; text_font=&#8220;PT Serif|on|on||&#8220; text_font_size=&#8220;30&#8243; text_text_color=&#8220;#8dc63f&#8220; module_alignment=&#8220;center&#8220;] Unsere BIO-Zertifikate [\/et_pb_text][\/et_pb_column][\/et_pb_row][\/et_pb_section][et_pb_section bb_built=&#8220;1&#8243; fullwidth=&#8220;off&#8220; specialty=&#8220;off&#8220; _builder_version=&#8220;3.0.71&#8243; background_color=&#8220;#aed036&#8243; custom_padding=&#8220;0px||0px|&#8220; prev_background_color=&#8220;#056839&#8243; next_background_color=&#8220;#ffffff&#8220;][et_pb_row background_position=&#8220;top_left&#8220; background_repeat=&#8220;repeat&#8220; background_size=&#8220;initial&#8220;][et_pb_column type=&#8220;1_3&#8243;][et_pb_image _builder_version=&#8220;3.0.71&#8243; src=&#8220;https:\/\/www.montellabio.com\/wp-content\/uploads\/2017\/06\/EU_Organic_Logo_Colour_rgb.jpg&#8220; show_in_lightbox=&#8220;off&#8220; url_new_window=&#8220;off&#8220; use_overlay=&#8220;off&#8220; sticky=&#8220;off&#8220; align=&#8220;left&#8220; always_center_on_mobile=&#8220;on&#8220; border_style=&#8220;solid&#8220; force_fullwidth=&#8220;off&#8220; custom_margin=&#8220;50px|||&#8220; animation_style=&#8220;slide&#8220; animation_duration=&#8220;500ms&#8220; animation_intensity_slide=&#8220;10%&#8220; animation_direction=&#8220;left&#8220; show_bottom_space=&#8220;on&#8220; \/][\/et_pb_column][et_pb_column type=&#8220;2_3&#8243;][et_pb_text _builder_version=&#8220;3.0.106&#8243; background_layout=&#8220;light&#8220; [&hellip;]<\/p>\n","protected":false},"author":1,"featured_media":0,"parent":0,"menu_order":49,"comment_status":"closed","ping_status":"closed","template":"","meta":{"footnotes":""},"class_list":["post-666","page","type-page","status-publish","hentry"],"yoast_head":"<!-- This site is optimized with the Yoast SEO plugin v24.6 - https:\/\/yoast.com\/wordpress\/plugins\/seo\/ -->\n<title>Zertifizierungen f\u00fcr den Anbau von Montella BIO.<\/title>\n<meta name=\"description\" content=\"Montella BIO ist ein f\u00fcr den Anbau und Vertrieb von biologischen Produkten zertifizierter Betrieb.\" \/>\n<meta name=\"robots\" content=\"index, follow, max-snippet:-1, max-image-preview:large, max-video-preview:-1\" \/>\n<link rel=\"canonical\" href=\"https:\/\/www.montellabio.com\/certificazioni-bio\/\" \/>\n<meta property=\"og:locale\" content=\"de_DE\" \/>\n<meta property=\"og:type\" content=\"article\" \/>\n<meta property=\"og:title\" content=\"Zertifizierungen f\u00fcr den Anbau von Montella BIO.\" \/>\n<meta property=\"og:description\" content=\"Montella BIO ist ein f\u00fcr den Anbau und Vertrieb von biologischen Produkten zertifizierter Betrieb.\" \/>\n<meta property=\"og:url\" content=\"https:\/\/www.montellabio.com\/certificazioni-bio\/\" \/>\n<meta property=\"og:site_name\" content=\"Montella bio\" \/>\n<meta property=\"article:modified_time\" content=\"2018-03-28T07:44:47+00:00\" \/>\n<meta name=\"twitter:card\" content=\"summary_large_image\" \/>\n<meta name=\"twitter:label1\" content=\"Gesch\u00e4tzte Lesezeit\" \/>\n\t<meta name=\"twitter:data1\" content=\"6\u00a0Minuten\" \/>\n<script type=\"application\/ld+json\" class=\"yoast-schema-graph\">{\"@context\":\"https:\/\/schema.org\",\"@graph\":[{\"@type\":\"WebPage\",\"@id\":\"https:\/\/www.montellabio.com\/certificazioni-bio\/\",\"url\":\"https:\/\/www.montellabio.com\/certificazioni-bio\/\",\"name\":\"Zertifizierungen f\u00fcr den Anbau von Montella BIO.\",\"isPartOf\":{\"@id\":\"https:\/\/www.montellabio.com\/#website\"},\"datePublished\":\"2018-03-28T07:41:22+00:00\",\"dateModified\":\"2018-03-28T07:44:47+00:00\",\"description\":\"Montella BIO ist ein f\u00fcr den Anbau und Vertrieb von biologischen Produkten zertifizierter Betrieb.\",\"breadcrumb\":{\"@id\":\"https:\/\/www.montellabio.com\/certificazioni-bio\/#breadcrumb\"},\"inLanguage\":\"de\",\"potentialAction\":[{\"@type\":\"ReadAction\",\"target\":[\"https:\/\/www.montellabio.com\/certificazioni-bio\/\"]}]},{\"@type\":\"BreadcrumbList\",\"@id\":\"https:\/\/www.montellabio.com\/certificazioni-bio\/#breadcrumb\",\"itemListElement\":[{\"@type\":\"ListItem\",\"position\":1,\"name\":\"Home\",\"item\":\"https:\/\/www.montellabio.com\/de\/\"},{\"@type\":\"ListItem\",\"position\":2,\"name\":\"BIO Zertifizierungen\"}]},{\"@type\":\"WebSite\",\"@id\":\"https:\/\/www.montellabio.com\/#website\",\"url\":\"https:\/\/www.montellabio.com\/\",\"name\":\"Montella bio\",\"description\":\"Prodotti agricoli biologici\",\"potentialAction\":[{\"@type\":\"SearchAction\",\"target\":{\"@type\":\"EntryPoint\",\"urlTemplate\":\"https:\/\/www.montellabio.com\/?s={search_term_string}\"},\"query-input\":{\"@type\":\"PropertyValueSpecification\",\"valueRequired\":true,\"valueName\":\"search_term_string\"}}],\"inLanguage\":\"de\"}]}<\/script>\n<!-- \/ Yoast SEO plugin. -->","yoast_head_json":{"title":"Zertifizierungen f\u00fcr den Anbau von Montella BIO.","description":"Montella BIO ist ein f\u00fcr den Anbau und Vertrieb von biologischen Produkten zertifizierter Betrieb.","robots":{"index":"index","follow":"follow","max-snippet":"max-snippet:-1","max-image-preview":"max-image-preview:large","max-video-preview":"max-video-preview:-1"},"canonical":"https:\/\/www.montellabio.com\/certificazioni-bio\/","og_locale":"de_DE","og_type":"article","og_title":"Zertifizierungen f\u00fcr den Anbau von Montella BIO.","og_description":"Montella BIO ist ein f\u00fcr den Anbau und Vertrieb von biologischen Produkten zertifizierter Betrieb.","og_url":"https:\/\/www.montellabio.com\/certificazioni-bio\/","og_site_name":"Montella bio","article_modified_time":"2018-03-28T07:44:47+00:00","twitter_card":"summary_large_image","twitter_misc":{"Gesch\u00e4tzte Lesezeit":"6\u00a0Minuten"},"schema":{"@context":"https:\/\/schema.org","@graph":[{"@type":"WebPage","@id":"https:\/\/www.montellabio.com\/certificazioni-bio\/","url":"https:\/\/www.montellabio.com\/certificazioni-bio\/","name":"Zertifizierungen f\u00fcr den Anbau von Montella BIO.","isPartOf":{"@id":"https:\/\/www.montellabio.com\/#website"},"datePublished":"2018-03-28T07:41:22+00:00","dateModified":"2018-03-28T07:44:47+00:00","description":"Montella BIO ist ein f\u00fcr den Anbau und Vertrieb von biologischen Produkten zertifizierter Betrieb.","breadcrumb":{"@id":"https:\/\/www.montellabio.com\/certificazioni-bio\/#breadcrumb"},"inLanguage":"de","potentialAction":[{"@type":"ReadAction","target":["https:\/\/www.montellabio.com\/certificazioni-bio\/"]}]},{"@type":"BreadcrumbList","@id":"https:\/\/www.montellabio.com\/certificazioni-bio\/#breadcrumb","itemListElement":[{"@type":"ListItem","position":1,"name":"Home","item":"https:\/\/www.montellabio.com\/de\/"},{"@type":"ListItem","position":2,"name":"BIO Zertifizierungen"}]},{"@type":"WebSite","@id":"https:\/\/www.montellabio.com\/#website","url":"https:\/\/www.montellabio.com\/","name":"Montella bio","description":"Prodotti agricoli biologici","potentialAction":[{"@type":"SearchAction","target":{"@type":"EntryPoint","urlTemplate":"https:\/\/www.montellabio.com\/?s={search_term_string}"},"query-input":{"@type":"PropertyValueSpecification","valueRequired":true,"valueName":"search_term_string"}}],"inLanguage":"de"}]}},"_links":{"self":[{"href":"https:\/\/www.montellabio.com\/de\/wp-json\/wp\/v2\/pages\/666","targetHints":{"allow":["GET"]}}],"collection":[{"href":"https:\/\/www.montellabio.com\/de\/wp-json\/wp\/v2\/pages"}],"about":[{"href":"https:\/\/www.montellabio.com\/de\/wp-json\/wp\/v2\/types\/page"}],"author":[{"embeddable":true,"href":"https:\/\/www.montellabio.com\/de\/wp-json\/wp\/v2\/users\/1"}],"replies":[{"embeddable":true,"href":"https:\/\/www.montellabio.com\/de\/wp-json\/wp\/v2\/comments?post=666"}],"version-history":[{"count":7,"href":"https:\/\/www.montellabio.com\/de\/wp-json\/wp\/v2\/pages\/666\/revisions"}],"predecessor-version":[{"id":673,"href":"https:\/\/www.montellabio.com\/de\/wp-json\/wp\/v2\/pages\/666\/revisions\/673"}],"wp:attachment":[{"href":"https:\/\/www.montellabio.com\/de\/wp-json\/wp\/v2\/media?parent=666"}],"curies":[{"name":"wp","href":"https:\/\/api.w.org\/{rel}","templated":true}]}}