{"id":602,"date":"2018-03-21T07:28:52","date_gmt":"2018-03-21T07:28:52","guid":{"rendered":"https:\/\/www.montellabio.com\/marke\/"},"modified":"2018-03-21T08:21:23","modified_gmt":"2018-03-21T08:21:23","slug":"marke","status":"publish","type":"page","link":"https:\/\/www.montellabio.com\/de\/marke\/","title":{"rendered":"Marke"},"content":{"rendered":"<p>[et_pb_section bb_built=&#8220;1&#8243; fullwidth=&#8220;off&#8220; specialty=&#8220;off&#8220; _builder_version=&#8220;3.0.71&#8243; background_color=&#8220;#056839&#8243; next_background_color=&#8220;#ffffff&#8220;][et_pb_row][et_pb_column type=&#8220;4_4&#8243;][et_pb_text _builder_version=&#8220;3.0.71&#8243; background_layout=&#8220;light&#8220; text_orientation=&#8220;center&#8220; header_font=&#8220;PT Serif|on|on||&#8220; header_text_color=&#8220;#8dc63f&#8220; border_style=&#8220;solid&#8220; text_font=&#8220;PT Serif|on|on||&#8220; text_font_size=&#8220;30&#8243; text_text_color=&#8220;#8dc63f&#8220; module_alignment=&#8220;center&#8220;]<\/p>\n<p>Die Marke<\/p>\n<p>[\/et_pb_text][\/et_pb_column][\/et_pb_row][\/et_pb_section][et_pb_section bb_built=&#8220;1&#8243; fullwidth=&#8220;off&#8220; specialty=&#8220;off&#8220; prev_background_color=&#8220;#056839&#8243; next_background_color=&#8220;#056839&#8243;][et_pb_row][et_pb_column type=&#8220;1_3&#8243;][et_pb_image _builder_version=&#8220;3.0.71&#8243; src=&#8220;https:\/\/www.montellabio.com\/wp-content\/uploads\/2017\/06\/Logo.png&#8220; show_in_lightbox=&#8220;off&#8220; url_new_window=&#8220;off&#8220; use_overlay=&#8220;off&#8220; sticky=&#8220;off&#8220; align=&#8220;left&#8220; always_center_on_mobile=&#8220;on&#8220; border_style=&#8220;solid&#8220; force_fullwidth=&#8220;off&#8220; animation_style=&#8220;slide&#8220; animation_duration=&#8220;500ms&#8220; animation_intensity_slide=&#8220;10%&#8220; animation_direction=&#8220;left&#8220; show_bottom_space=&#8220;on&#8220; \/][\/et_pb_column][et_pb_column type=&#8220;2_3&#8243;][et_pb_text _builder_version=&#8220;3.0.106&#8243; background_layout=&#8220;light&#8220; custom_padding=&#8220;35px|||&#8220;]<\/p>\n<p>Die Marke wurde entwickelt um Produkte, welche mit der <strong>Montella BIO Methode<\/strong> angebaut, verarbeitet, konserviert und vertrieben am Markt unterscheiden zu k\u00f6nnen.<\/p>\n<p>Die Marke wurde ausgehend vom biologischen Bezug (die untenstehend gr\u00fcn markierten Felder) zur Sonne entwickelt, welche fundamentale Energiequelle f\u00fcr jegliches Leben ist.<\/p>\n<p>Wir wollten eine Marke mit einem unterscheidbaren,<strong> starken und interessanten Image<\/strong>, das auf jedem biologischen Produkt, welches von den Lizenznehmern der Marke angebaut und vertrieben wird, abgebildet ist.<\/p>\n<p>[\/et_pb_text][\/et_pb_column][\/et_pb_row][et_pb_row][et_pb_column type=&#8220;1_4&#8243;][et_pb_image _builder_version=&#8220;3.0.71&#8243; src=&#8220;https:\/\/www.montellabio.com\/wp-content\/uploads\/2017\/06\/Logo2.png&#8220; show_in_lightbox=&#8220;off&#8220; url_new_window=&#8220;off&#8220; use_overlay=&#8220;off&#8220; sticky=&#8220;off&#8220; align=&#8220;left&#8220; always_center_on_mobile=&#8220;on&#8220; border_style=&#8220;solid&#8220; force_fullwidth=&#8220;off&#8220; animation_style=&#8220;slide&#8220; animation_duration=&#8220;500ms&#8220; animation_intensity_slide=&#8220;10%&#8220; animation_direction=&#8220;left&#8220; show_bottom_space=&#8220;on&#8220; \/][et_pb_text _builder_version=&#8220;3.0.71&#8243; background_layout=&#8220;light&#8220; text_orientation=&#8220;center&#8220; text_font=&#8220;PT Serif|on|on||&#8220; text_font_size=&#8220;16&#8243; text_text_color=&#8220;#819999&#8243; border_style=&#8220;solid&#8220; module_alignment=&#8220;center&#8220;]<\/p>\n<p>Variate Logo BIO Erdbeeren<\/p>\n<p>[\/et_pb_text][\/et_pb_column][et_pb_column type=&#8220;1_4&#8243;][et_pb_image _builder_version=&#8220;3.0.71&#8243; src=&#8220;https:\/\/www.montellabio.com\/wp-content\/uploads\/2017\/06\/Logo3.png&#8220; show_in_lightbox=&#8220;off&#8220; url_new_window=&#8220;off&#8220; use_overlay=&#8220;off&#8220; sticky=&#8220;off&#8220; align=&#8220;left&#8220; always_center_on_mobile=&#8220;on&#8220; border_style=&#8220;solid&#8220; force_fullwidth=&#8220;off&#8220; animation_style=&#8220;slide&#8220; animation_duration=&#8220;500ms&#8220; animation_intensity_slide=&#8220;10%&#8220; animation_direction=&#8220;left&#8220; show_bottom_space=&#8220;on&#8220; \/][et_pb_text _builder_version=&#8220;3.0.71&#8243; background_layout=&#8220;light&#8220; text_orientation=&#8220;center&#8220; text_font=&#8220;PT Serif|on|on||&#8220; text_font_size=&#8220;16&#8243; text_text_color=&#8220;#819999&#8243; border_style=&#8220;solid&#8220; module_alignment=&#8220;center&#8220;]<\/p>\n<p>Variante Logo BIO Auberginen<\/p>\n<p>[\/et_pb_text][\/et_pb_column][et_pb_column type=&#8220;1_4&#8243;][et_pb_image _builder_version=&#8220;3.0.71&#8243; src=&#8220;https:\/\/www.montellabio.com\/wp-content\/uploads\/2017\/06\/Logo4.png&#8220; show_in_lightbox=&#8220;off&#8220; url_new_window=&#8220;off&#8220; use_overlay=&#8220;off&#8220; sticky=&#8220;off&#8220; align=&#8220;left&#8220; always_center_on_mobile=&#8220;on&#8220; border_style=&#8220;solid&#8220; force_fullwidth=&#8220;off&#8220; animation_style=&#8220;slide&#8220; animation_duration=&#8220;500ms&#8220; animation_intensity_slide=&#8220;10%&#8220; animation_direction=&#8220;left&#8220; show_bottom_space=&#8220;on&#8220; \/][et_pb_text _builder_version=&#8220;3.0.71&#8243; background_layout=&#8220;light&#8220; text_orientation=&#8220;center&#8220; text_font=&#8220;PT Serif|on|on||&#8220; text_font_size=&#8220;16&#8243; text_text_color=&#8220;#819999&#8243; border_style=&#8220;solid&#8220; module_alignment=&#8220;center&#8220;]<\/p>\n<p>Variante Logo BIO Paprika<\/p>\n<p>[\/et_pb_text][\/et_pb_column][et_pb_column type=&#8220;1_4&#8243;][et_pb_image _builder_version=&#8220;3.0.71&#8243; src=&#8220;https:\/\/www.montellabio.com\/wp-content\/uploads\/2017\/06\/Logo5.png&#8220; show_in_lightbox=&#8220;off&#8220; url_new_window=&#8220;off&#8220; use_overlay=&#8220;off&#8220; sticky=&#8220;off&#8220; align=&#8220;left&#8220; always_center_on_mobile=&#8220;on&#8220; border_style=&#8220;solid&#8220; force_fullwidth=&#8220;off&#8220; animation_style=&#8220;slide&#8220; animation_duration=&#8220;500ms&#8220; animation_intensity_slide=&#8220;10%&#8220; animation_direction=&#8220;left&#8220; show_bottom_space=&#8220;on&#8220; \/][et_pb_text _builder_version=&#8220;3.0.71&#8243; background_layout=&#8220;light&#8220; text_orientation=&#8220;center&#8220; text_font=&#8220;PT Serif|on|on||&#8220; text_font_size=&#8220;16&#8243; text_text_color=&#8220;#819999&#8243; border_style=&#8220;solid&#8220; module_alignment=&#8220;center&#8220;]<\/p>\n<p>Variante Logo BIO Orangen<\/p>\n<p>[\/et_pb_text][\/et_pb_column][\/et_pb_row][\/et_pb_section][et_pb_section bb_built=&#8220;1&#8243; fullwidth=&#8220;off&#8220; specialty=&#8220;off&#8220; _builder_version=&#8220;3.0.71&#8243; background_color=&#8220;#056839&#8243; prev_background_color=&#8220;#ffffff&#8220; next_background_color=&#8220;#ffffff&#8220;][et_pb_row][et_pb_column type=&#8220;4_4&#8243;][et_pb_text _builder_version=&#8220;3.0.71&#8243; background_layout=&#8220;light&#8220; text_orientation=&#8220;center&#8220; header_font=&#8220;PT Serif|on|on||&#8220; header_text_color=&#8220;#8dc63f&#8220; border_style=&#8220;solid&#8220; text_font=&#8220;PT Serif|on|on||&#8220; text_font_size=&#8220;30&#8243; text_text_color=&#8220;#8dc63f&#8220; module_alignment=&#8220;center&#8220;]<\/p>\n<p>Die Geschichte<\/p>\n<p>[\/et_pb_text][\/et_pb_column][\/et_pb_row][\/et_pb_section][et_pb_section bb_built=&#8220;1&#8243; fullwidth=&#8220;off&#8220; specialty=&#8220;off&#8220; prev_background_color=&#8220;#056839&#8243; next_background_color=&#8220;#fbb040&#8243;][et_pb_row][et_pb_column type=&#8220;4_4&#8243;][et_pb_text _builder_version=&#8220;3.0.106&#8243; background_layout=&#8220;light&#8220;]<\/p>\n<p><em><strong>Die Natur f\u00fcr die Natur<br \/>\n<\/strong><\/em>Das ist das Motto der Br\u00fcder<strong> Antonio und Michele Montella<\/strong>, aber es war auch schon seit j\u00fcngsten Jahren der Leitfaden vom <strong>Vater Nicola,<\/strong> welcher als \u00e4ltester von sechs Kindern, f\u00fcr das Leben als Landwirt bestimmt wurde, mit unendlicher Willenskraft und Sinn f\u00fcr Verantwortung.<em><strong><br \/>\n<\/strong><\/em><\/p>\n<p>1971 heiratet er Maddalena, die mit Ihrer F\u00fcgsamkeit die Familie Montella auch in harten Jahren immer tr\u00f6sten konnte.<br \/>\nIn diesen Jahren konzentrierte sich die landwirtschaftliche Arbeit, welche meist mit blo\u00dfen H\u00e4nden verrichtet wurde, auf das Ernten von Pfirsichen, Tomaten, Mais und Futterpflanzen f\u00fcr die F\u00fctterung der Rinder.<br \/>\n<strong>Ein merklicher Wandel begann mit der Geburt der S\u00f6hne Michele und Antonio.<\/strong><br \/>\nSie sind die Tr\u00e4ger einer innovativen Abgabe, die auf der Produktion von Erdbeeren und anderem Gartengem\u00fcse im Gew\u00e4chshaus basiert.<br \/>\nDa Erdbeeren eine neue Kulturgattung f\u00fcr den Betrieb waren, mussten alle mit einer Gew\u00e4chshausproduktion verbundenen Schwierigkeiten mit Passion und Willenskraft \u00fcberwunden werden. Mit Innovation und immer neuen Technologien n\u00e4hrte man sich einer nat\u00fcrlichen und nachhaltigen Landwirtschaft immer mehr an.<br \/>\n2005\/2006 schlie\u00dflich wandte man sich an ein Zertifizierungsorgan um die B\u00f6den, welche bisher von Vater Nicola ausschlie\u00dflich mit D\u00fcnger aus der eignen Viehzucht ged\u00fcngt wurde zu konvertieren.<br \/>\n<strong>Endlich der \u00dcbergang zu BIO.<br \/>\n<\/strong>Die Erdbeeren der Gebr\u00fcder Montella, welche st\u00e4ndig von Branchenexperten kontrolliert werden, sind eine echte Eroberung und ein gesunder Ausgangspunkt. Sie gelten als w\u00fcrdig und geeignet, die anspruchsvollsten Anforderungen eines Marktes, der die Echtheit der landwirtschaftlichen Produkte und Respekt f\u00fcr Umwelt fordert, zu befriedigen.<br \/>\nMit dem Vergehen der Jahre wurde auch die Marke Montella BIO geboren, um Produkte vom Markt abgrenzen zu k\u00f6nnen, welche mit der Methode der Gebr\u00fcder Montella angebaut, verarbeitet, konserviert und verteilt worden sind.<br \/>\n<strong>Michele und Antonio glauben daran<\/strong>, dass ein jeder von uns in seinem kleinen Umfeld, die ganz gro\u00dfe Welt ein kleines bisschen verbessern und etwas dazu beitragen kann um sie zu sch\u00fctzen.<br \/>\nDas ist nur m\u00f6glich, wenn ein Respektgef\u00fchl aufkommt f\u00fcr alles was uns umgibt, beginnend bei allem was von Natur erz\u00e4hlt und somit vom Leben.<\/p>\n<p>&nbsp;<\/p>\n<p>&nbsp;<\/p>\n<p>[\/et_pb_text][\/et_pb_column][\/et_pb_row][\/et_pb_section][et_pb_section bb_built=&#8220;1&#8243; fullwidth=&#8220;off&#8220; specialty=&#8220;off&#8220; _builder_version=&#8220;3.0.106&#8243; background_color=&#8220;#fbb040&#8243; global_module=&#8220;625&#8243; prev_background_color=&#8220;#ffffff&#8220;][et_pb_row global_parent=&#8220;625&#8243; background_position=&#8220;top_left&#8220; background_repeat=&#8220;repeat&#8220; background_size=&#8220;initial&#8220;][et_pb_column type=&#8220;1_4&#8243;][et_pb_text global_parent=&#8220;625&#8243; _builder_version=&#8220;3.0.71&#8243; background_layout=&#8220;light&#8220; text_orientation=&#8220;left&#8220; border_style=&#8220;solid&#8220; text_font=&#8220;PT Serif|on|on||&#8220; text_text_color=&#8220;#056839&#8243; text_font_size=&#8220;22&#8243;]<\/p>\n<p>Kontakte<\/p>\n<p>[\/et_pb_text][et_pb_divider global_parent=&#8220;625&#8243; _builder_version=&#8220;3.0.71&#8243; show_divider=&#8220;on&#8220; color=&#8220;#056839&#8243; divider_style=&#8220;dotted&#8220; divider_position=&#8220;center&#8220; hide_on_mobile=&#8220;on&#8220; disabled_on=&#8220;on|on|off&#8220; \/][et_pb_text global_parent=&#8220;625&#8243; _builder_version=&#8220;3.0.51&#8243; background_layout=&#8220;light&#8220; text_orientation=&#8220;left&#8220; border_style=&#8220;solid&#8220;]<\/p>\n<p><strong>Montella BIO<br \/>\n<\/strong>ist eine eingetragene Marke von:<br \/>\n<strong>MONTELLA BIO SOCIETA&#8216; AGRICOLA SRL<br \/>\n<\/strong>VIA GIULIA D\u2019AMORE, 11<br \/>\n81030 FRIGNANO (CE)<\/p>\n<p>[\/et_pb_text][\/et_pb_column][et_pb_column type=&#8220;1_4&#8243;][et_pb_text global_parent=&#8220;625&#8243; _builder_version=&#8220;3.0.71&#8243; background_layout=&#8220;light&#8220; text_orientation=&#8220;left&#8220; border_style=&#8220;solid&#8220; text_font=&#8220;PT Serif|on|on||&#8220; text_text_color=&#8220;#056839&#8243; text_font_size=&#8220;22&#8243;]<\/p>\n<p>Werk<\/p>\n<p>[\/et_pb_text][et_pb_divider global_parent=&#8220;625&#8243; _builder_version=&#8220;3.0.71&#8243; show_divider=&#8220;on&#8220; color=&#8220;#056839&#8243; divider_style=&#8220;dotted&#8220; divider_position=&#8220;center&#8220; hide_on_mobile=&#8220;on&#8220; disabled_on=&#8220;on|on|off&#8220; \/][et_pb_text global_parent=&#8220;625&#8243; _builder_version=&#8220;3.0.51&#8243; background_layout=&#8220;light&#8220; text_orientation=&#8220;left&#8220; border_style=&#8220;solid&#8220;]<\/p>\n<p>Via Consortile Zona ASI<strong><br \/>\n<\/strong>81030 \u2013 Teverola (CE)<br \/>\n<strong>TEL:<\/strong>\u00a0+39 081 89 11 423<br \/>\n<strong>E-MAIL<\/strong>: amministrazione@montellabio.it<\/p>\n<p>[\/et_pb_text][\/et_pb_column][et_pb_column type=&#8220;1_4&#8243;][et_pb_text global_parent=&#8220;625&#8243; _builder_version=&#8220;3.0.71&#8243; background_layout=&#8220;light&#8220; text_orientation=&#8220;left&#8220; border_style=&#8220;solid&#8220; text_font=&#8220;PT Serif|on|on||&#8220; text_text_color=&#8220;#056839&#8243; text_font_size=&#8220;22&#8243;]<\/p>\n<p>Social media<\/p>\n<p>[\/et_pb_text][et_pb_divider global_parent=&#8220;625&#8243; _builder_version=&#8220;3.0.71&#8243; show_divider=&#8220;on&#8220; color=&#8220;#056839&#8243; divider_style=&#8220;dotted&#8220; divider_position=&#8220;center&#8220; hide_on_mobile=&#8220;on&#8220; disabled_on=&#8220;on|on|off&#8220; \/][et_pb_social_media_follow global_parent=&#8220;625&#8243; _builder_version=&#8220;3.0.51&#8243; link_shape=&#8220;rounded_rectangle&#8220; url_new_window=&#8220;off&#8220; follow_button=&#8220;off&#8220; background_layout=&#8220;light&#8220; border_radii=&#8220;on|3px|3px|3px|3px&#8220;][et_pb_social_media_follow_network social_network=&#8220;facebook&#8220; skype_action=&#8220;call&#8220; bg_color=&#8220;#3b5998&#8243;] Facebook [\/et_pb_social_media_follow_network][et_pb_social_media_follow_network social_network=&#8220;linkedin&#8220; skype_action=&#8220;call&#8220; bg_color=&#8220;#007bb6&#8243;] LinkedIn [\/et_pb_social_media_follow_network][\/et_pb_social_media_follow][\/et_pb_column][et_pb_column type=&#8220;1_4&#8243;][et_pb_text global_parent=&#8220;625&#8243; _builder_version=&#8220;3.0.71&#8243; background_layout=&#8220;light&#8220; text_orientation=&#8220;left&#8220; border_style=&#8220;solid&#8220; text_font=&#8220;PT Serif|on|on||&#8220; text_text_color=&#8220;#056839&#8243; text_font_size=&#8220;22&#8243;]<\/p>\n<p>Die Bio Produkte<\/p>\n<p>[\/et_pb_text][et_pb_divider global_parent=&#8220;625&#8243; _builder_version=&#8220;3.0.71&#8243; show_divider=&#8220;on&#8220; color=&#8220;#056839&#8243; divider_style=&#8220;dotted&#8220; divider_position=&#8220;center&#8220; hide_on_mobile=&#8220;on&#8220; disabled_on=&#8220;on|on|off&#8220; \/][et_pb_text global_parent=&#8220;625&#8243; _builder_version=&#8220;3.0.71&#8243; background_layout=&#8220;light&#8220; text_orientation=&#8220;left&#8220; border_style=&#8220;solid&#8220;]<\/p>\n<p>BIO Erdbeeren<br \/>\nAnbau Fr\u00fchjahr\/Sommer BIO<br \/>\nAnbau Herbst\/Winter BIO<\/p>\n<p>[\/et_pb_text][\/et_pb_column][\/et_pb_row][\/et_pb_section]<\/p>\n","protected":false},"excerpt":{"rendered":"<p>[et_pb_section bb_built=&#8220;1&#8243; fullwidth=&#8220;off&#8220; specialty=&#8220;off&#8220; _builder_version=&#8220;3.0.71&#8243; background_color=&#8220;#056839&#8243; next_background_color=&#8220;#ffffff&#8220;][et_pb_row][et_pb_column type=&#8220;4_4&#8243;][et_pb_text _builder_version=&#8220;3.0.71&#8243; background_layout=&#8220;light&#8220; text_orientation=&#8220;center&#8220; header_font=&#8220;PT Serif|on|on||&#8220; header_text_color=&#8220;#8dc63f&#8220; border_style=&#8220;solid&#8220; text_font=&#8220;PT Serif|on|on||&#8220; text_font_size=&#8220;30&#8243; text_text_color=&#8220;#8dc63f&#8220; module_alignment=&#8220;center&#8220;] Die Marke [\/et_pb_text][\/et_pb_column][\/et_pb_row][\/et_pb_section][et_pb_section bb_built=&#8220;1&#8243; fullwidth=&#8220;off&#8220; specialty=&#8220;off&#8220; prev_background_color=&#8220;#056839&#8243; next_background_color=&#8220;#056839&#8243;][et_pb_row][et_pb_column type=&#8220;1_3&#8243;][et_pb_image _builder_version=&#8220;3.0.71&#8243; src=&#8220;https:\/\/www.montellabio.com\/wp-content\/uploads\/2017\/06\/Logo.png&#8220; show_in_lightbox=&#8220;off&#8220; url_new_window=&#8220;off&#8220; use_overlay=&#8220;off&#8220; sticky=&#8220;off&#8220; align=&#8220;left&#8220; always_center_on_mobile=&#8220;on&#8220; border_style=&#8220;solid&#8220; force_fullwidth=&#8220;off&#8220; animation_style=&#8220;slide&#8220; animation_duration=&#8220;500ms&#8220; animation_intensity_slide=&#8220;10%&#8220; animation_direction=&#8220;left&#8220; show_bottom_space=&#8220;on&#8220; \/][\/et_pb_column][et_pb_column type=&#8220;2_3&#8243;][et_pb_text _builder_version=&#8220;3.0.106&#8243; background_layout=&#8220;light&#8220; custom_padding=&#8220;35px|||&#8220;] Die Marke wurde entwickelt um Produkte, [&hellip;]<\/p>\n","protected":false},"author":1,"featured_media":0,"parent":0,"menu_order":20,"comment_status":"closed","ping_status":"closed","template":"","meta":{"footnotes":""},"class_list":["post-602","page","type-page","status-publish","hentry"],"yoast_head":"<!-- This site is optimized with the Yoast SEO plugin v24.6 - https:\/\/yoast.com\/wordpress\/plugins\/seo\/ -->\n<title>Entdecke die Marke als Synonym des zu 100% biologischen Anbaus: Montella BIO<\/title>\n<meta name=\"description\" content=\"Montella BIO ist jene Marke welche die landwirtschaftlichen biologischen Produkte, angebaut und verteilt von Familienbetrieben der Familie Montella umfasst.\" \/>\n<meta name=\"robots\" content=\"index, follow, max-snippet:-1, max-image-preview:large, max-video-preview:-1\" \/>\n<link rel=\"canonical\" href=\"https:\/\/www.montellabio.com\/de\/marke\/\" \/>\n<meta property=\"og:locale\" content=\"de_DE\" \/>\n<meta property=\"og:type\" content=\"article\" \/>\n<meta property=\"og:title\" content=\"Entdecke die Marke als Synonym des zu 100% biologischen Anbaus: Montella BIO\" \/>\n<meta property=\"og:description\" content=\"Montella BIO ist jene Marke welche die landwirtschaftlichen biologischen Produkte, angebaut und verteilt von Familienbetrieben der Familie Montella umfasst.\" \/>\n<meta property=\"og:url\" content=\"https:\/\/www.montellabio.com\/de\/marke\/\" \/>\n<meta property=\"og:site_name\" content=\"Montella bio\" \/>\n<meta property=\"article:modified_time\" content=\"2018-03-21T08:21:23+00:00\" \/>\n<meta name=\"twitter:card\" content=\"summary_large_image\" \/>\n<meta name=\"twitter:label1\" content=\"Gesch\u00e4tzte Lesezeit\" \/>\n\t<meta name=\"twitter:data1\" content=\"8\u00a0Minuten\" \/>\n<script type=\"application\/ld+json\" class=\"yoast-schema-graph\">{\"@context\":\"https:\/\/schema.org\",\"@graph\":[{\"@type\":\"WebPage\",\"@id\":\"https:\/\/www.montellabio.com\/de\/marke\/\",\"url\":\"https:\/\/www.montellabio.com\/de\/marke\/\",\"name\":\"Entdecke die Marke als Synonym des zu 100% biologischen Anbaus: Montella BIO\",\"isPartOf\":{\"@id\":\"https:\/\/www.montellabio.com\/#website\"},\"datePublished\":\"2018-03-21T07:28:52+00:00\",\"dateModified\":\"2018-03-21T08:21:23+00:00\",\"description\":\"Montella BIO ist jene Marke welche die landwirtschaftlichen biologischen Produkte, angebaut und verteilt von Familienbetrieben der Familie Montella umfasst.\",\"breadcrumb\":{\"@id\":\"https:\/\/www.montellabio.com\/de\/marke\/#breadcrumb\"},\"inLanguage\":\"de\",\"potentialAction\":[{\"@type\":\"ReadAction\",\"target\":[\"https:\/\/www.montellabio.com\/de\/marke\/\"]}]},{\"@type\":\"BreadcrumbList\",\"@id\":\"https:\/\/www.montellabio.com\/de\/marke\/#breadcrumb\",\"itemListElement\":[{\"@type\":\"ListItem\",\"position\":1,\"name\":\"Home\",\"item\":\"https:\/\/www.montellabio.com\/de\/\"},{\"@type\":\"ListItem\",\"position\":2,\"name\":\"Marke\"}]},{\"@type\":\"WebSite\",\"@id\":\"https:\/\/www.montellabio.com\/#website\",\"url\":\"https:\/\/www.montellabio.com\/\",\"name\":\"Montella bio\",\"description\":\"Prodotti agricoli biologici\",\"potentialAction\":[{\"@type\":\"SearchAction\",\"target\":{\"@type\":\"EntryPoint\",\"urlTemplate\":\"https:\/\/www.montellabio.com\/?s={search_term_string}\"},\"query-input\":{\"@type\":\"PropertyValueSpecification\",\"valueRequired\":true,\"valueName\":\"search_term_string\"}}],\"inLanguage\":\"de\"}]}<\/script>\n<!-- \/ Yoast SEO plugin. -->","yoast_head_json":{"title":"Entdecke die Marke als Synonym des zu 100% biologischen Anbaus: Montella BIO","description":"Montella BIO ist jene Marke welche die landwirtschaftlichen biologischen Produkte, angebaut und verteilt von Familienbetrieben der Familie Montella umfasst.","robots":{"index":"index","follow":"follow","max-snippet":"max-snippet:-1","max-image-preview":"max-image-preview:large","max-video-preview":"max-video-preview:-1"},"canonical":"https:\/\/www.montellabio.com\/de\/marke\/","og_locale":"de_DE","og_type":"article","og_title":"Entdecke die Marke als Synonym des zu 100% biologischen Anbaus: Montella BIO","og_description":"Montella BIO ist jene Marke welche die landwirtschaftlichen biologischen Produkte, angebaut und verteilt von Familienbetrieben der Familie Montella umfasst.","og_url":"https:\/\/www.montellabio.com\/de\/marke\/","og_site_name":"Montella bio","article_modified_time":"2018-03-21T08:21:23+00:00","twitter_card":"summary_large_image","twitter_misc":{"Gesch\u00e4tzte Lesezeit":"8\u00a0Minuten"},"schema":{"@context":"https:\/\/schema.org","@graph":[{"@type":"WebPage","@id":"https:\/\/www.montellabio.com\/de\/marke\/","url":"https:\/\/www.montellabio.com\/de\/marke\/","name":"Entdecke die Marke als Synonym des zu 100% biologischen Anbaus: Montella BIO","isPartOf":{"@id":"https:\/\/www.montellabio.com\/#website"},"datePublished":"2018-03-21T07:28:52+00:00","dateModified":"2018-03-21T08:21:23+00:00","description":"Montella BIO ist jene Marke welche die landwirtschaftlichen biologischen Produkte, angebaut und verteilt von Familienbetrieben der Familie Montella umfasst.","breadcrumb":{"@id":"https:\/\/www.montellabio.com\/de\/marke\/#breadcrumb"},"inLanguage":"de","potentialAction":[{"@type":"ReadAction","target":["https:\/\/www.montellabio.com\/de\/marke\/"]}]},{"@type":"BreadcrumbList","@id":"https:\/\/www.montellabio.com\/de\/marke\/#breadcrumb","itemListElement":[{"@type":"ListItem","position":1,"name":"Home","item":"https:\/\/www.montellabio.com\/de\/"},{"@type":"ListItem","position":2,"name":"Marke"}]},{"@type":"WebSite","@id":"https:\/\/www.montellabio.com\/#website","url":"https:\/\/www.montellabio.com\/","name":"Montella bio","description":"Prodotti agricoli biologici","potentialAction":[{"@type":"SearchAction","target":{"@type":"EntryPoint","urlTemplate":"https:\/\/www.montellabio.com\/?s={search_term_string}"},"query-input":{"@type":"PropertyValueSpecification","valueRequired":true,"valueName":"search_term_string"}}],"inLanguage":"de"}]}},"_links":{"self":[{"href":"https:\/\/www.montellabio.com\/de\/wp-json\/wp\/v2\/pages\/602","targetHints":{"allow":["GET"]}}],"collection":[{"href":"https:\/\/www.montellabio.com\/de\/wp-json\/wp\/v2\/pages"}],"about":[{"href":"https:\/\/www.montellabio.com\/de\/wp-json\/wp\/v2\/types\/page"}],"author":[{"embeddable":true,"href":"https:\/\/www.montellabio.com\/de\/wp-json\/wp\/v2\/users\/1"}],"replies":[{"embeddable":true,"href":"https:\/\/www.montellabio.com\/de\/wp-json\/wp\/v2\/comments?post=602"}],"version-history":[{"count":17,"href":"https:\/\/www.montellabio.com\/de\/wp-json\/wp\/v2\/pages\/602\/revisions"}],"predecessor-version":[{"id":626,"href":"https:\/\/www.montellabio.com\/de\/wp-json\/wp\/v2\/pages\/602\/revisions\/626"}],"wp:attachment":[{"href":"https:\/\/www.montellabio.com\/de\/wp-json\/wp\/v2\/media?parent=602"}],"curies":[{"name":"wp","href":"https:\/\/api.w.org\/{rel}","templated":true}]}}